{"id":39,"date":"2018-07-22T11:52:45","date_gmt":"2018-07-22T09:52:45","guid":{"rendered":"http:\/\/acb64.com\/wp\/?page_id=39"},"modified":"2025-05-23T14:10:29","modified_gmt":"2025-05-23T12:10:29","slug":"contact-et-coordonnees","status":"publish","type":"page","link":"https:\/\/acb64.com\/wp\/contact-et-coordonnees\/","title":{"rendered":"Contact et coordonn\u00e9es"},"content":{"rendered":"<p style=\"text-align: center;\">ACB Assainissement C\u00f4te Basque<br \/>ZA Berueta Chemin d&rsquo;Urritxi<br \/>64122 URRUGNE<\/p>\n<p style=\"text-align: center;\"><a href=\"tel:+33559854434\">t\u00e9l\u00e9phone bureau : +33 5 59 85 44 34<\/a><\/p>\n<p>Nous trouver :<br \/><iframe loading=\"lazy\" style=\"border: 0;\" src=\"https:\/\/www.google.com\/maps\/embed?pb=!1m18!1m12!1m3!1d2901.1489533149056!2d-1.6908735497867264!3d43.35299477903028!2m3!1f0!2f0!3f0!3m2!1i1024!2i768!4f13.1!3m3!1m2!1s0xd510fcc572739ef%3A0x34f25bcc0620cca6!2sAssainissement+Cote+Basque!5e0!3m2!1sfr!2sfr!4v1542305152429\" width=\"600\" height=\"450\" frameborder=\"0\" allowfullscreen=\"allowfullscreen\"><\/iframe><\/p>\n<center><\/center><center><br \/>\n<div id='gallery-1' class='gallery galleryid-39 gallery-columns-2 gallery-size-thumbnail'><figure class='gallery-item'>\n\t\t\t<div class='gallery-icon portrait'>\n\t\t\t\t<a href='https:\/\/acb64.com\/wp\/contact-et-coordonnees\/jean-leon-300x382\/'><img loading=\"lazy\" decoding=\"async\" width=\"150\" height=\"150\" src=\"https:\/\/acb64.com\/wp\/wp-content\/uploads\/2018\/11\/Jean-Leon-300x382-150x150.png\" class=\"attachment-thumbnail size-thumbnail\" alt=\"\" aria-describedby=\"gallery-1-180\" \/><\/a>\n\t\t\t<\/div>\n\t\t\t\t<figcaption class='wp-caption-text gallery-caption' id='gallery-1-180'>\n\t\t\t\tResponsable assainissement  Jean L\u00e9on BORTHAIRE\n\t\t\t\t<\/figcaption><\/figure><figure class='gallery-item'>\n\t\t\t<div class='gallery-icon portrait'>\n\t\t\t\t<a href='https:\/\/acb64.com\/wp\/contact-et-coordonnees\/patxi-300x377\/'><img loading=\"lazy\" decoding=\"async\" width=\"150\" height=\"150\" src=\"https:\/\/acb64.com\/wp\/wp-content\/uploads\/2018\/11\/patxi-300x377-150x150.png\" class=\"attachment-thumbnail size-thumbnail\" alt=\"\" aria-describedby=\"gallery-1-181\" \/><\/a>\n\t\t\t<\/div>\n\t\t\t\t<figcaption class='wp-caption-text gallery-caption' id='gallery-1-181'>\n\t\t\t\tResponsable Diagnostic  Patxi DUMON\n\t\t\t\t<\/figcaption><\/figure>\n\t\t<\/div>\n\n<div style=\"float: left; width: 60%;\"><a href=\"tel:+33678849751\">T\u00e9l\u00e9phone en cas d&rsquo;urgence :<br \/>+33 6 78 84 97 51<\/a><\/div>\n<div style=\"margin-left: 60%;\"><a href=\"tel:+33680786152\">T\u00e9l\u00e9phone :<br \/>+33 6 80 78 61 52<\/a><\/div>\n<p>\u00a0<\/p>\n<\/center>\n<p>\u00a0<\/p>\n\n\n<div class=\"wpcf7 no-js\" id=\"wpcf7-f174-o1\" lang=\"fr-FR\" dir=\"ltr\" data-wpcf7-id=\"174\">\n<div class=\"screen-reader-response\"><p role=\"status\" aria-live=\"polite\" aria-atomic=\"true\"><\/p> <ul><\/ul><\/div>\n<form action=\"\/wp\/wp-json\/wp\/v2\/pages\/39#wpcf7-f174-o1\" method=\"post\" class=\"wpcf7-form init\" aria-label=\"Formulaire de contact\" novalidate=\"novalidate\" data-status=\"init\">\n<div style=\"display: none;\">\n<input type=\"hidden\" name=\"_wpcf7\" value=\"174\" \/>\n<input type=\"hidden\" name=\"_wpcf7_version\" value=\"6.0.6\" \/>\n<input type=\"hidden\" name=\"_wpcf7_locale\" value=\"fr_FR\" \/>\n<input type=\"hidden\" name=\"_wpcf7_unit_tag\" value=\"wpcf7-f174-o1\" \/>\n<input type=\"hidden\" name=\"_wpcf7_container_post\" value=\"0\" \/>\n<input type=\"hidden\" name=\"_wpcf7_posted_data_hash\" value=\"\" \/>\n<\/div>\n<p><label> Votre nom (obligatoire)<br \/>\n<span class=\"wpcf7-form-control-wrap\" data-name=\"your-name\"><input size=\"40\" maxlength=\"400\" class=\"wpcf7-form-control wpcf7-text wpcf7-validates-as-required\" aria-required=\"true\" aria-invalid=\"false\" value=\"\" type=\"text\" name=\"your-name\" \/><\/span> <\/label>\n<\/p>\n<p><label> Votre pr\u00e9nom (obligatoire)<br \/>\n<span class=\"wpcf7-form-control-wrap\" data-name=\"your-forname\"><input size=\"40\" maxlength=\"400\" class=\"wpcf7-form-control wpcf7-text wpcf7-validates-as-required\" aria-required=\"true\" aria-invalid=\"false\" value=\"\" type=\"text\" name=\"your-forname\" \/><\/span> <\/label>\n<\/p>\n<p><label> Votre adresse de messagerie (obligatoire)<br \/>\n<span class=\"wpcf7-form-control-wrap\" data-name=\"your-email\"><input size=\"40\" maxlength=\"400\" class=\"wpcf7-form-control wpcf7-email wpcf7-validates-as-required wpcf7-text wpcf7-validates-as-email\" aria-required=\"true\" aria-invalid=\"false\" value=\"\" type=\"email\" name=\"your-email\" \/><\/span> <\/label>\n<\/p>\n<p><label> Objet<br \/>\n<span class=\"wpcf7-form-control-wrap\" data-name=\"your-subject\"><input size=\"40\" maxlength=\"400\" class=\"wpcf7-form-control wpcf7-text\" aria-invalid=\"false\" value=\"\" type=\"text\" name=\"your-subject\" \/><\/span> <\/label>\n<\/p>\n<p><label> Votre message<br \/>\n<span class=\"wpcf7-form-control-wrap\" data-name=\"your-message\"><textarea cols=\"40\" rows=\"10\" maxlength=\"2000\" class=\"wpcf7-form-control wpcf7-textarea\" aria-invalid=\"false\" name=\"your-message\"><\/textarea><\/span> <\/label>\n<\/p>\n<p><input class=\"wpcf7-form-control wpcf7-submit has-spinner\" type=\"submit\" value=\"Envoyer\" \/>\n<\/p><div class=\"wpcf7-response-output\" aria-hidden=\"true\"><\/div>\n<\/form>\n<\/div>\n\n","protected":false},"excerpt":{"rendered":"<p>ACB Assainissement C\u00f4te BasqueZA Berueta Chemin d&rsquo;Urritxi64122 URRUGNE t\u00e9l\u00e9phone bureau : +33 5 59 85 44 34 Nous trouver : T\u00e9l\u00e9phone en cas d&rsquo;urgence :+33 6 78 84 97 51 T\u00e9l\u00e9phone :+33 6 80 78 61 52 \u00a0 \u00a0<\/p>\n","protected":false},"author":1,"featured_media":0,"parent":0,"menu_order":0,"comment_status":"closed","ping_status":"closed","template":"","meta":{"footnotes":""},"class_list":["post-39","page","type-page","status-publish","hentry"],"_links":{"self":[{"href":"https:\/\/acb64.com\/wp\/wp-json\/wp\/v2\/pages\/39","targetHints":{"allow":["GET"]}}],"collection":[{"href":"https:\/\/acb64.com\/wp\/wp-json\/wp\/v2\/pages"}],"about":[{"href":"https:\/\/acb64.com\/wp\/wp-json\/wp\/v2\/types\/page"}],"author":[{"embeddable":true,"href":"https:\/\/acb64.com\/wp\/wp-json\/wp\/v2\/users\/1"}],"replies":[{"embeddable":true,"href":"https:\/\/acb64.com\/wp\/wp-json\/wp\/v2\/comments?post=39"}],"version-history":[{"count":20,"href":"https:\/\/acb64.com\/wp\/wp-json\/wp\/v2\/pages\/39\/revisions"}],"predecessor-version":[{"id":406,"href":"https:\/\/acb64.com\/wp\/wp-json\/wp\/v2\/pages\/39\/revisions\/406"}],"wp:attachment":[{"href":"https:\/\/acb64.com\/wp\/wp-json\/wp\/v2\/media?parent=39"}],"curies":[{"name":"wp","href":"https:\/\/api.w.org\/{rel}","templated":true}]}}